{"id":1001,"date":"2025-06-30T11:00:21","date_gmt":"2025-06-30T11:00:21","guid":{"rendered":"https:\/\/wearesocial.group\/startseite\/"},"modified":"2025-11-07T12:01:48","modified_gmt":"2025-11-07T12:01:48","slug":"startseite","status":"publish","type":"page","link":"https:\/\/wearesocial.group\/de\/","title":{"rendered":"Startseite"},"content":{"rendered":"\t\t<div data-elementor-type=\"wp-page\" data-elementor-id=\"1001\" class=\"elementor elementor-1001 elementor-19\" data-elementor-post-type=\"page\">\n\t\t\t\t<div class=\"elementor-element elementor-element-83cb3e3 e-con-full e-flex e-con e-parent\" data-id=\"83cb3e3\" data-element_type=\"container\">\n\t\t<div class=\"elementor-element elementor-element-3073e38 e-con-full e-flex e-con e-child\" data-id=\"3073e38\" data-element_type=\"container\" data-settings=\"{&quot;background_background&quot;:&quot;classic&quot;}\">\n\t\t\t\t<div class=\"elementor-element elementor-element-2dedd93 elementor-invisible elementor-widget elementor-widget-heading\" data-id=\"2dedd93\" data-element_type=\"widget\" data-settings=\"{&quot;_animation&quot;:&quot;slideInUp&quot;,&quot;_animation_delay&quot;:100}\" data-widget_type=\"heading.default\">\n\t\t\t\t<div class=\"elementor-widget-container\">\n\t\t\t\t\t<span class=\"elementor-heading-title elementor-size-default\">S<\/span>\t\t\t\t<\/div>\n\t\t\t\t<\/div>\n\t\t\t\t<div class=\"elementor-element elementor-element-81c4f38 elementor-absolute elementor-invisible elementor-widget elementor-widget-heading\" data-id=\"81c4f38\" data-element_type=\"widget\" data-settings=\"{&quot;_animation&quot;:&quot;slideInUp&quot;,&quot;_animation_delay&quot;:700,&quot;_position&quot;:&quot;absolute&quot;}\" data-widget_type=\"heading.default\">\n\t\t\t\t<div class=\"elementor-widget-container\">\n\t\t\t\t\t<span class=\"elementor-heading-title elementor-size-default\">G<\/span>\t\t\t\t<\/div>\n\t\t\t\t<\/div>\n\t\t\t\t<\/div>\n\t\t<div class=\"elementor-element elementor-element-d594339 e-con-full e-flex e-con e-child\" data-id=\"d594339\" data-element_type=\"container\" data-settings=\"{&quot;background_background&quot;:&quot;classic&quot;}\">\n\t\t\t\t<div class=\"elementor-element elementor-element-6be0232 elementor-invisible elementor-widget elementor-widget-heading\" data-id=\"6be0232\" data-element_type=\"widget\" data-settings=\"{&quot;_animation&quot;:&quot;slideInUp&quot;,&quot;_animation_delay&quot;:200}\" data-widget_type=\"heading.default\">\n\t\t\t\t<div class=\"elementor-widget-container\">\n\t\t\t\t\t<span class=\"elementor-heading-title elementor-size-default\">O<\/span>\t\t\t\t<\/div>\n\t\t\t\t<\/div>\n\t\t\t\t<div class=\"elementor-element elementor-element-5d8afad elementor-absolute elementor-invisible elementor-widget elementor-widget-heading\" data-id=\"5d8afad\" data-element_type=\"widget\" data-settings=\"{&quot;_animation&quot;:&quot;slideInUp&quot;,&quot;_animation_delay&quot;:800,&quot;_position&quot;:&quot;absolute&quot;}\" data-widget_type=\"heading.default\">\n\t\t\t\t<div class=\"elementor-widget-container\">\n\t\t\t\t\t<span class=\"elementor-heading-title elementor-size-default\">R<\/span>\t\t\t\t<\/div>\n\t\t\t\t<\/div>\n\t\t\t\t<\/div>\n\t\t<div class=\"elementor-element elementor-element-8c725c6 e-con-full e-flex e-con e-child\" data-id=\"8c725c6\" data-element_type=\"container\" data-settings=\"{&quot;background_background&quot;:&quot;classic&quot;}\">\n\t\t\t\t<div class=\"elementor-element elementor-element-691a4b1 elementor-invisible elementor-widget elementor-widget-heading\" data-id=\"691a4b1\" data-element_type=\"widget\" data-settings=\"{&quot;_animation&quot;:&quot;slideInUp&quot;,&quot;_animation_delay&quot;:300}\" data-widget_type=\"heading.default\">\n\t\t\t\t<div class=\"elementor-widget-container\">\n\t\t\t\t\t<span class=\"elementor-heading-title elementor-size-default\">C<\/span>\t\t\t\t<\/div>\n\t\t\t\t<\/div>\n\t\t\t\t<div class=\"elementor-element elementor-element-5c76742 elementor-absolute elementor-invisible elementor-widget elementor-widget-heading\" data-id=\"5c76742\" data-element_type=\"widget\" data-settings=\"{&quot;_animation&quot;:&quot;slideInUp&quot;,&quot;_animation_delay&quot;:900,&quot;_position&quot;:&quot;absolute&quot;}\" data-widget_type=\"heading.default\">\n\t\t\t\t<div class=\"elementor-widget-container\">\n\t\t\t\t\t<span class=\"elementor-heading-title elementor-size-default\">O<\/span>\t\t\t\t<\/div>\n\t\t\t\t<\/div>\n\t\t\t\t<\/div>\n\t\t<div class=\"elementor-element elementor-element-71f7cd2 e-con-full e-flex e-con e-child\" data-id=\"71f7cd2\" data-element_type=\"container\" data-settings=\"{&quot;background_background&quot;:&quot;classic&quot;}\">\n\t\t\t\t<div class=\"elementor-element elementor-element-92e4cb1 elementor-invisible elementor-widget elementor-widget-heading\" data-id=\"92e4cb1\" data-element_type=\"widget\" data-settings=\"{&quot;_animation&quot;:&quot;slideInUp&quot;,&quot;_animation_delay&quot;:400}\" data-widget_type=\"heading.default\">\n\t\t\t\t<div class=\"elementor-widget-container\">\n\t\t\t\t\t<span class=\"elementor-heading-title elementor-size-default\">I<\/span>\t\t\t\t<\/div>\n\t\t\t\t<\/div>\n\t\t\t\t<div class=\"elementor-element elementor-element-f9ae879 elementor-absolute elementor-invisible elementor-widget elementor-widget-heading\" data-id=\"f9ae879\" data-element_type=\"widget\" data-settings=\"{&quot;_animation&quot;:&quot;slideInUp&quot;,&quot;_animation_delay&quot;:1000,&quot;_position&quot;:&quot;absolute&quot;}\" data-widget_type=\"heading.default\">\n\t\t\t\t<div class=\"elementor-widget-container\">\n\t\t\t\t\t<span class=\"elementor-heading-title elementor-size-default\">U<\/span>\t\t\t\t<\/div>\n\t\t\t\t<\/div>\n\t\t\t\t<\/div>\n\t\t<div class=\"elementor-element elementor-element-45c9e34 e-con-full e-flex e-con e-child\" data-id=\"45c9e34\" data-element_type=\"container\" data-settings=\"{&quot;background_background&quot;:&quot;classic&quot;}\">\n\t\t\t\t<div class=\"elementor-element elementor-element-09c45db elementor-invisible elementor-widget elementor-widget-heading\" data-id=\"09c45db\" data-element_type=\"widget\" data-settings=\"{&quot;_animation&quot;:&quot;slideInUp&quot;,&quot;_animation_delay&quot;:500}\" data-widget_type=\"heading.default\">\n\t\t\t\t<div class=\"elementor-widget-container\">\n\t\t\t\t\t<span class=\"elementor-heading-title elementor-size-default\">A<\/span>\t\t\t\t<\/div>\n\t\t\t\t<\/div>\n\t\t\t\t<div class=\"elementor-element elementor-element-197bab1 elementor-absolute elementor-invisible elementor-widget elementor-widget-heading\" data-id=\"197bab1\" data-element_type=\"widget\" data-settings=\"{&quot;_animation&quot;:&quot;slideInUp&quot;,&quot;_animation_delay&quot;:1100,&quot;_position&quot;:&quot;absolute&quot;}\" data-widget_type=\"heading.default\">\n\t\t\t\t<div class=\"elementor-widget-container\">\n\t\t\t\t\t<span class=\"elementor-heading-title elementor-size-default\">P<\/span>\t\t\t\t<\/div>\n\t\t\t\t<\/div>\n\t\t\t\t<\/div>\n\t\t<div class=\"elementor-element elementor-element-29eca4c e-con-full e-flex e-con e-child\" data-id=\"29eca4c\" data-element_type=\"container\" data-settings=\"{&quot;background_background&quot;:&quot;classic&quot;}\">\n\t\t\t\t<div class=\"elementor-element elementor-element-f53f05a elementor-invisible elementor-widget elementor-widget-heading\" data-id=\"f53f05a\" data-element_type=\"widget\" data-settings=\"{&quot;_animation&quot;:&quot;slideInUp&quot;,&quot;_animation_delay&quot;:600}\" data-widget_type=\"heading.default\">\n\t\t\t\t<div class=\"elementor-widget-container\">\n\t\t\t\t\t<span class=\"elementor-heading-title elementor-size-default\">L<\/span>\t\t\t\t<\/div>\n\t\t\t\t<\/div>\n\t\t\t\t<\/div>\n\t\t\t\t<\/div>\n\t\t<div class=\"elementor-element elementor-element-98bf407 e-con-full e-flex elementor-invisible e-con e-parent\" data-id=\"98bf407\" data-element_type=\"container\" data-settings=\"{&quot;background_background&quot;:&quot;gradient&quot;,&quot;animation&quot;:&quot;fadeInUp&quot;,&quot;animation_delay&quot;:1200}\">\n\t\t<div class=\"elementor-element elementor-element-444035f e-con-full e-flex e-con e-child\" data-id=\"444035f\" data-element_type=\"container\" data-settings=\"{&quot;background_background&quot;:&quot;classic&quot;}\">\n\t\t\t\t<\/div>\n\t\t<div class=\"elementor-element elementor-element-5127771 e-con-full e-flex e-con e-child\" data-id=\"5127771\" data-element_type=\"container\" data-settings=\"{&quot;background_background&quot;:&quot;classic&quot;}\">\n\t\t\t\t<div class=\"elementor-element elementor-element-03e6ae2 elementor-widget elementor-widget-heading\" data-id=\"03e6ae2\" data-element_type=\"widget\" data-widget_type=\"heading.default\">\n\t\t\t\t<div class=\"elementor-widget-container\">\n\t\t\t\t\t<span class=\"elementor-heading-title elementor-size-default\"><a href=\"https:\/\/wearesocial.group\/de\/veranstaltungsorte\/\">Veranstaltungsorte<\/a><\/span>\t\t\t\t<\/div>\n\t\t\t\t<\/div>\n\t\t\t\t<\/div>\n\t\t<div class=\"elementor-element elementor-element-00cf3aa e-con-full e-flex e-con e-child\" data-id=\"00cf3aa\" data-element_type=\"container\" data-settings=\"{&quot;background_background&quot;:&quot;classic&quot;}\">\n\t\t\t\t<div class=\"elementor-element elementor-element-d23cd9a elementor-widget elementor-widget-heading\" data-id=\"d23cd9a\" data-element_type=\"widget\" data-widget_type=\"heading.default\">\n\t\t\t\t<div class=\"elementor-widget-container\">\n\t\t\t\t\t<span class=\"elementor-heading-title elementor-size-default\"><a href=\"https:\/\/wearesocial.group\/de\/events\/\">Events<\/a><\/span>\t\t\t\t<\/div>\n\t\t\t\t<\/div>\n\t\t\t\t<\/div>\n\t\t<div class=\"elementor-element elementor-element-247d05e e-con-full e-flex e-con e-child\" data-id=\"247d05e\" data-element_type=\"container\" data-settings=\"{&quot;background_background&quot;:&quot;classic&quot;}\">\n\t\t\t\t<div class=\"elementor-element elementor-element-48559d7 elementor-widget elementor-widget-heading\" data-id=\"48559d7\" data-element_type=\"widget\" data-widget_type=\"heading.default\">\n\t\t\t\t<div class=\"elementor-widget-container\">\n\t\t\t\t\t<span class=\"elementor-heading-title elementor-size-default\"><a href=\"https:\/\/wearesocial.group\/de\/unternehmen\/\">Unternehmen<\/a><\/span>\t\t\t\t<\/div>\n\t\t\t\t<\/div>\n\t\t\t\t<\/div>\n\t\t<div class=\"elementor-element elementor-element-c0e0cd5 e-con-full e-flex e-con e-child\" data-id=\"c0e0cd5\" data-element_type=\"container\" data-settings=\"{&quot;background_background&quot;:&quot;classic&quot;}\">\n\t\t\t\t<div class=\"elementor-element elementor-element-71e7c7f elementor-widget elementor-widget-heading\" data-id=\"71e7c7f\" data-element_type=\"widget\" data-widget_type=\"heading.default\">\n\t\t\t\t<div class=\"elementor-widget-container\">\n\t\t\t\t\t<span class=\"elementor-heading-title elementor-size-default\"><a href=\"https:\/\/wearesocial.group\/de\/kontakt\/\">Kontakt<\/a><\/span>\t\t\t\t<\/div>\n\t\t\t\t<\/div>\n\t\t\t\t<\/div>\n\t\t<div class=\"elementor-element elementor-element-714ad78 e-con-full e-flex e-con e-child\" data-id=\"714ad78\" data-element_type=\"container\" data-settings=\"{&quot;background_background&quot;:&quot;classic&quot;}\">\n\t\t\t\t<\/div>\n\t\t\t\t<\/div>\n\t\t<div class=\"elementor-element elementor-element-9850d21 e-flex e-con-boxed e-con e-parent\" data-id=\"9850d21\" data-element_type=\"container\">\n\t\t\t\t\t<div class=\"e-con-inner\">\n\t\t\t\t<div class=\"elementor-element elementor-element-ac5c83b elementor-invisible elementor-widget elementor-widget-heading\" data-id=\"ac5c83b\" data-element_type=\"widget\" data-settings=\"{&quot;_animation&quot;:&quot;fadeInUp&quot;}\" data-widget_type=\"heading.default\">\n\t\t\t\t<div class=\"elementor-widget-container\">\n\t\t\t\t\t<h1 class=\"elementor-heading-title elementor-size-default\">Social Group<\/h1>\t\t\t\t<\/div>\n\t\t\t\t<\/div>\n\t\t\t\t<div class=\"elementor-element elementor-element-d74c3ba elementor-invisible elementor-widget elementor-widget-text-editor\" data-id=\"d74c3ba\" data-element_type=\"widget\" data-settings=\"{&quot;_animation&quot;:&quot;fadeInUp&quot;}\" data-widget_type=\"text-editor.default\">\n\t\t\t\t<div class=\"elementor-widget-container\">\n\t\t\t\t\t\t\t\t\t<p>Social Group ist eine f\u00fchrende Gastronomiegruppe mit Sitz auf Mallorca, Spanien, bekannt f\u00fcr die Schaffung unvergesslicher Erlebnisse durch Essen, Unterhaltung und Kultur.<br>Von pulsierendem Nachtleben bis hin zu gehobener Gastronomie sind wir das Team hinter einigen der meistdiskutierten Destinationen der Insel \u2013 darunter der <a href=\"https:\/\/wearesocial.group\/de\/veranstaltungsorte\/social-club\/\">Social Club Mallorca<\/a>, Bloom at Social, Vinyl Lounge, das <a href=\"https:\/\/wearesocial.group\/de\/veranstaltungsorte\/thalia-restaurant\/\">Thalia Restaurant<\/a> und die immersive <a href=\"https:\/\/wearesocial.group\/de\/veranstaltungsorte\/ritual-flamenco\/\">Ritual Flamenco Show<\/a>.<\/p><p>Unsere Veranstaltungsorte sind mehr als nur Orte \u2013 sie sind Geschichten, die durch Musik, K\u00fcche, Atmosph\u00e4re und au\u00dfergew\u00f6hnlichen Service erz\u00e4hlt werden. Egal, ob Sie uns f\u00fcr ein elegantes Abendessen, einen energiegeladenen Abend oder eine einzigartige kulturelle Darbietung besuchen, wir glauben daran, jeden Moment au\u00dfergew\u00f6hnlich zu gestalten.<\/p><p>Bei Social Group leben wir Gastfreundschaft, die inspiriert, unterh\u00e4lt und verbindet. Willkommen in unserer Welt. <\/p>\t\t\t\t\t\t\t\t<\/div>\n\t\t\t\t<\/div>\n\t\t\t\t<div class=\"elementor-element elementor-element-c092b5e elementor-absolute elementor-widget elementor-widget-image\" data-id=\"c092b5e\" data-element_type=\"widget\" data-settings=\"{&quot;_position&quot;:&quot;absolute&quot;}\" data-widget_type=\"image.default\">\n\t\t\t\t<div class=\"elementor-widget-container\">\n\t\t\t\t\t\t\t\t\t\t\t\t\t\t\t<img fetchpriority=\"high\" decoding=\"async\" width=\"575\" height=\"1024\" src=\"https:\/\/wearesocial.group\/wp-content\/uploads\/2025\/07\/social-g-white-575x1024.png\" class=\"attachment-large size-large wp-image-691\" alt=\"\" srcset=\"https:\/\/wearesocial.group\/wp-content\/uploads\/2025\/07\/social-g-white-575x1024.png 575w, https:\/\/wearesocial.group\/wp-content\/uploads\/2025\/07\/social-g-white-168x300.png 168w, https:\/\/wearesocial.group\/wp-content\/uploads\/2025\/07\/social-g-white-768x1369.png 768w, https:\/\/wearesocial.group\/wp-content\/uploads\/2025\/07\/social-g-white-862x1536.png 862w, https:\/\/wearesocial.group\/wp-content\/uploads\/2025\/07\/social-g-white.png 891w\" sizes=\"(max-width: 575px) 100vw, 575px\" \/>\t\t\t\t\t\t\t\t\t\t\t\t\t\t\t<\/div>\n\t\t\t\t<\/div>\n\t\t\t\t\t<\/div>\n\t\t\t\t<\/div>\n\t\t\t\t<\/div>\n\t\t","protected":false},"excerpt":{"rendered":"<p>S G O R C O I U A P L Veranstaltungsorte Events Unternehmen Kontakt Social Group Social Group ist eine f\u00fchrende Gastronomiegruppe mit Sitz auf Mallorca, Spanien, bekannt f\u00fcr die Schaffung unvergesslicher Erlebnisse durch Essen, Unterhaltung und Kultur.Von pulsierendem Nachtleben bis hin zu gehobener Gastronomie sind wir das Team hinter einigen der meistdiskutierten Destinationen [&hellip;]<\/p>\n","protected":false},"author":1,"featured_media":711,"parent":0,"menu_order":0,"comment_status":"closed","ping_status":"closed","template":"","meta":{"footnotes":""},"class_list":["post-1001","page","type-page","status-publish","has-post-thumbnail","hentry"],"blocksy_meta":[],"yoast_head":"<!-- This site is optimized with the Yoast SEO plugin v25.7 - https:\/\/yoast.com\/wordpress\/plugins\/seo\/ -->\n<title>Social Group | Gastronomie, Nachtleben Unterhaltung<\/title>\n<meta name=\"description\" content=\"Social Group ist eine f\u00fchrende Gastronomiegruppe mit Sitz auf Mallorca, Spanien, bekannt f\u00fcr die Schaffung unvergesslicher Erlebnisse.\" \/>\n<meta name=\"robots\" content=\"index, follow, max-snippet:-1, max-image-preview:large, max-video-preview:-1\" \/>\n<link rel=\"canonical\" href=\"https:\/\/wearesocial.group\/de\/\" \/>\n<meta property=\"og:locale\" content=\"de_DE\" \/>\n<meta property=\"og:type\" content=\"article\" \/>\n<meta property=\"og:title\" content=\"Social Group | Gastronomie, Nachtleben Unterhaltung\" \/>\n<meta property=\"og:description\" content=\"Social Group ist eine f\u00fchrende Gastronomiegruppe mit Sitz auf Mallorca, Spanien, bekannt f\u00fcr die Schaffung unvergesslicher Erlebnisse.\" \/>\n<meta property=\"og:url\" content=\"https:\/\/wearesocial.group\/de\/\" \/>\n<meta property=\"og:site_name\" content=\"Social Group\" \/>\n<meta property=\"article:modified_time\" content=\"2025-11-07T12:01:48+00:00\" \/>\n<meta property=\"og:image\" content=\"http:\/\/wearesocial.group\/wp-content\/uploads\/2025\/07\/WhatsApp-Image-2025-07-10-at-17.00.04.jpeg\" \/>\n\t<meta property=\"og:image:width\" content=\"1600\" \/>\n\t<meta property=\"og:image:height\" content=\"1068\" \/>\n\t<meta property=\"og:image:type\" content=\"image\/jpeg\" \/>\n<meta name=\"twitter:card\" content=\"summary_large_image\" \/>\n<meta name=\"twitter:label1\" content=\"Gesch\u00e4tzte Lesezeit\" \/>\n\t<meta name=\"twitter:data1\" content=\"1\u00a0Minute\" \/>\n<script type=\"application\/ld+json\" class=\"yoast-schema-graph\">{\"@context\":\"https:\/\/schema.org\",\"@graph\":[{\"@type\":\"WebPage\",\"@id\":\"https:\/\/wearesocial.group\/de\/\",\"url\":\"https:\/\/wearesocial.group\/de\/\",\"name\":\"Social Group | Gastronomie, Nachtleben Unterhaltung\",\"isPartOf\":{\"@id\":\"https:\/\/wearesocial.group\/de\/#website\"},\"primaryImageOfPage\":{\"@id\":\"https:\/\/wearesocial.group\/de\/#primaryimage\"},\"image\":{\"@id\":\"https:\/\/wearesocial.group\/de\/#primaryimage\"},\"thumbnailUrl\":\"https:\/\/wearesocial.group\/wp-content\/uploads\/2025\/07\/WhatsApp-Image-2025-07-10-at-17.00.04.jpeg\",\"datePublished\":\"2025-06-30T11:00:21+00:00\",\"dateModified\":\"2025-11-07T12:01:48+00:00\",\"description\":\"Social Group ist eine f\u00fchrende Gastronomiegruppe mit Sitz auf Mallorca, Spanien, bekannt f\u00fcr die Schaffung unvergesslicher Erlebnisse.\",\"breadcrumb\":{\"@id\":\"https:\/\/wearesocial.group\/de\/#breadcrumb\"},\"inLanguage\":\"de\",\"potentialAction\":[{\"@type\":\"ReadAction\",\"target\":[\"https:\/\/wearesocial.group\/de\/\"]}]},{\"@type\":\"ImageObject\",\"inLanguage\":\"de\",\"@id\":\"https:\/\/wearesocial.group\/de\/#primaryimage\",\"url\":\"https:\/\/wearesocial.group\/wp-content\/uploads\/2025\/07\/WhatsApp-Image-2025-07-10-at-17.00.04.jpeg\",\"contentUrl\":\"https:\/\/wearesocial.group\/wp-content\/uploads\/2025\/07\/WhatsApp-Image-2025-07-10-at-17.00.04.jpeg\",\"width\":1600,\"height\":1068,\"caption\":\"Social Club Mallorca\"},{\"@type\":\"BreadcrumbList\",\"@id\":\"https:\/\/wearesocial.group\/de\/#breadcrumb\",\"itemListElement\":[{\"@type\":\"ListItem\",\"position\":1,\"name\":\"Home\",\"item\":\"https:\/\/wearesocial.group\/de\/startseite\/\"},{\"@type\":\"ListItem\",\"position\":2,\"name\":\"Startseite\"}]},{\"@type\":\"WebSite\",\"@id\":\"https:\/\/wearesocial.group\/de\/#website\",\"url\":\"https:\/\/wearesocial.group\/de\/\",\"name\":\"Social Group\",\"description\":\"Hospitality, Nightlife &amp; Entertainment\",\"publisher\":{\"@id\":\"https:\/\/wearesocial.group\/de\/#organization\"},\"potentialAction\":[{\"@type\":\"SearchAction\",\"target\":{\"@type\":\"EntryPoint\",\"urlTemplate\":\"https:\/\/wearesocial.group\/de\/?s={search_term_string}\"},\"query-input\":{\"@type\":\"PropertyValueSpecification\",\"valueRequired\":true,\"valueName\":\"search_term_string\"}}],\"inLanguage\":\"de\"},{\"@type\":\"Organization\",\"@id\":\"https:\/\/wearesocial.group\/de\/#organization\",\"name\":\"Social Group\",\"url\":\"https:\/\/wearesocial.group\/de\/\",\"logo\":{\"@type\":\"ImageObject\",\"inLanguage\":\"de\",\"@id\":\"https:\/\/wearesocial.group\/de\/#\/schema\/logo\/image\/\",\"url\":\"http:\/\/wearesocial.group\/wp-content\/uploads\/2025\/07\/cropped-social-dark.png\",\"contentUrl\":\"http:\/\/wearesocial.group\/wp-content\/uploads\/2025\/07\/cropped-social-dark.png\",\"width\":512,\"height\":512,\"caption\":\"Social Group\"},\"image\":{\"@id\":\"https:\/\/wearesocial.group\/de\/#\/schema\/logo\/image\/\"}}]}<\/script>\n<!-- \/ Yoast SEO plugin. -->","yoast_head_json":{"title":"Social Group | Gastronomie, Nachtleben Unterhaltung","description":"Social Group ist eine f\u00fchrende Gastronomiegruppe mit Sitz auf Mallorca, Spanien, bekannt f\u00fcr die Schaffung unvergesslicher Erlebnisse.","robots":{"index":"index","follow":"follow","max-snippet":"max-snippet:-1","max-image-preview":"max-image-preview:large","max-video-preview":"max-video-preview:-1"},"canonical":"https:\/\/wearesocial.group\/de\/","og_locale":"de_DE","og_type":"article","og_title":"Social Group | Gastronomie, Nachtleben Unterhaltung","og_description":"Social Group ist eine f\u00fchrende Gastronomiegruppe mit Sitz auf Mallorca, Spanien, bekannt f\u00fcr die Schaffung unvergesslicher Erlebnisse.","og_url":"https:\/\/wearesocial.group\/de\/","og_site_name":"Social Group","article_modified_time":"2025-11-07T12:01:48+00:00","og_image":[{"width":1600,"height":1068,"url":"http:\/\/wearesocial.group\/wp-content\/uploads\/2025\/07\/WhatsApp-Image-2025-07-10-at-17.00.04.jpeg","type":"image\/jpeg"}],"twitter_card":"summary_large_image","twitter_misc":{"Gesch\u00e4tzte Lesezeit":"1\u00a0Minute"},"schema":{"@context":"https:\/\/schema.org","@graph":[{"@type":"WebPage","@id":"https:\/\/wearesocial.group\/de\/","url":"https:\/\/wearesocial.group\/de\/","name":"Social Group | Gastronomie, Nachtleben Unterhaltung","isPartOf":{"@id":"https:\/\/wearesocial.group\/de\/#website"},"primaryImageOfPage":{"@id":"https:\/\/wearesocial.group\/de\/#primaryimage"},"image":{"@id":"https:\/\/wearesocial.group\/de\/#primaryimage"},"thumbnailUrl":"https:\/\/wearesocial.group\/wp-content\/uploads\/2025\/07\/WhatsApp-Image-2025-07-10-at-17.00.04.jpeg","datePublished":"2025-06-30T11:00:21+00:00","dateModified":"2025-11-07T12:01:48+00:00","description":"Social Group ist eine f\u00fchrende Gastronomiegruppe mit Sitz auf Mallorca, Spanien, bekannt f\u00fcr die Schaffung unvergesslicher Erlebnisse.","breadcrumb":{"@id":"https:\/\/wearesocial.group\/de\/#breadcrumb"},"inLanguage":"de","potentialAction":[{"@type":"ReadAction","target":["https:\/\/wearesocial.group\/de\/"]}]},{"@type":"ImageObject","inLanguage":"de","@id":"https:\/\/wearesocial.group\/de\/#primaryimage","url":"https:\/\/wearesocial.group\/wp-content\/uploads\/2025\/07\/WhatsApp-Image-2025-07-10-at-17.00.04.jpeg","contentUrl":"https:\/\/wearesocial.group\/wp-content\/uploads\/2025\/07\/WhatsApp-Image-2025-07-10-at-17.00.04.jpeg","width":1600,"height":1068,"caption":"Social Club Mallorca"},{"@type":"BreadcrumbList","@id":"https:\/\/wearesocial.group\/de\/#breadcrumb","itemListElement":[{"@type":"ListItem","position":1,"name":"Home","item":"https:\/\/wearesocial.group\/de\/startseite\/"},{"@type":"ListItem","position":2,"name":"Startseite"}]},{"@type":"WebSite","@id":"https:\/\/wearesocial.group\/de\/#website","url":"https:\/\/wearesocial.group\/de\/","name":"Social Group","description":"Hospitality, Nightlife &amp; Entertainment","publisher":{"@id":"https:\/\/wearesocial.group\/de\/#organization"},"potentialAction":[{"@type":"SearchAction","target":{"@type":"EntryPoint","urlTemplate":"https:\/\/wearesocial.group\/de\/?s={search_term_string}"},"query-input":{"@type":"PropertyValueSpecification","valueRequired":true,"valueName":"search_term_string"}}],"inLanguage":"de"},{"@type":"Organization","@id":"https:\/\/wearesocial.group\/de\/#organization","name":"Social Group","url":"https:\/\/wearesocial.group\/de\/","logo":{"@type":"ImageObject","inLanguage":"de","@id":"https:\/\/wearesocial.group\/de\/#\/schema\/logo\/image\/","url":"http:\/\/wearesocial.group\/wp-content\/uploads\/2025\/07\/cropped-social-dark.png","contentUrl":"http:\/\/wearesocial.group\/wp-content\/uploads\/2025\/07\/cropped-social-dark.png","width":512,"height":512,"caption":"Social Group"},"image":{"@id":"https:\/\/wearesocial.group\/de\/#\/schema\/logo\/image\/"}}]}},"_links":{"self":[{"href":"https:\/\/wearesocial.group\/de\/wp-json\/wp\/v2\/pages\/1001","targetHints":{"allow":["GET"]}}],"collection":[{"href":"https:\/\/wearesocial.group\/de\/wp-json\/wp\/v2\/pages"}],"about":[{"href":"https:\/\/wearesocial.group\/de\/wp-json\/wp\/v2\/types\/page"}],"author":[{"embeddable":true,"href":"https:\/\/wearesocial.group\/de\/wp-json\/wp\/v2\/users\/1"}],"replies":[{"embeddable":true,"href":"https:\/\/wearesocial.group\/de\/wp-json\/wp\/v2\/comments?post=1001"}],"version-history":[{"count":11,"href":"https:\/\/wearesocial.group\/de\/wp-json\/wp\/v2\/pages\/1001\/revisions"}],"predecessor-version":[{"id":1681,"href":"https:\/\/wearesocial.group\/de\/wp-json\/wp\/v2\/pages\/1001\/revisions\/1681"}],"wp:featuredmedia":[{"embeddable":true,"href":"https:\/\/wearesocial.group\/de\/wp-json\/wp\/v2\/media\/711"}],"wp:attachment":[{"href":"https:\/\/wearesocial.group\/de\/wp-json\/wp\/v2\/media?parent=1001"}],"curies":[{"name":"wp","href":"https:\/\/api.w.org\/{rel}","templated":true}]}}