{"id":1003,"date":"2025-06-30T11:00:21","date_gmt":"2025-06-30T11:00:21","guid":{"rendered":"https:\/\/wearesocial.group\/accueil\/"},"modified":"2025-11-07T12:01:49","modified_gmt":"2025-11-07T12:01:49","slug":"accueil","status":"publish","type":"page","link":"https:\/\/wearesocial.group\/fr\/","title":{"rendered":"Accueil"},"content":{"rendered":"\t\t<div data-elementor-type=\"wp-page\" data-elementor-id=\"1003\" class=\"elementor elementor-1003 elementor-19\" data-elementor-post-type=\"page\">\n\t\t\t\t<div class=\"elementor-element elementor-element-83cb3e3 e-con-full e-flex e-con e-parent\" data-id=\"83cb3e3\" data-element_type=\"container\">\n\t\t<div class=\"elementor-element elementor-element-3073e38 e-con-full e-flex e-con e-child\" data-id=\"3073e38\" data-element_type=\"container\" data-settings=\"{&quot;background_background&quot;:&quot;classic&quot;}\">\n\t\t\t\t<div class=\"elementor-element elementor-element-2dedd93 elementor-invisible elementor-widget elementor-widget-heading\" data-id=\"2dedd93\" data-element_type=\"widget\" data-settings=\"{&quot;_animation&quot;:&quot;slideInUp&quot;,&quot;_animation_delay&quot;:100}\" data-widget_type=\"heading.default\">\n\t\t\t\t<div class=\"elementor-widget-container\">\n\t\t\t\t\t<span class=\"elementor-heading-title elementor-size-default\">S<\/span>\t\t\t\t<\/div>\n\t\t\t\t<\/div>\n\t\t\t\t<div class=\"elementor-element elementor-element-81c4f38 elementor-absolute elementor-invisible elementor-widget elementor-widget-heading\" data-id=\"81c4f38\" data-element_type=\"widget\" data-settings=\"{&quot;_animation&quot;:&quot;slideInUp&quot;,&quot;_animation_delay&quot;:700,&quot;_position&quot;:&quot;absolute&quot;}\" data-widget_type=\"heading.default\">\n\t\t\t\t<div class=\"elementor-widget-container\">\n\t\t\t\t\t<span class=\"elementor-heading-title elementor-size-default\">G<\/span>\t\t\t\t<\/div>\n\t\t\t\t<\/div>\n\t\t\t\t<\/div>\n\t\t<div class=\"elementor-element elementor-element-d594339 e-con-full e-flex e-con e-child\" data-id=\"d594339\" data-element_type=\"container\" data-settings=\"{&quot;background_background&quot;:&quot;classic&quot;}\">\n\t\t\t\t<div class=\"elementor-element elementor-element-6be0232 elementor-invisible elementor-widget elementor-widget-heading\" data-id=\"6be0232\" data-element_type=\"widget\" data-settings=\"{&quot;_animation&quot;:&quot;slideInUp&quot;,&quot;_animation_delay&quot;:200}\" data-widget_type=\"heading.default\">\n\t\t\t\t<div class=\"elementor-widget-container\">\n\t\t\t\t\t<span class=\"elementor-heading-title elementor-size-default\">O<\/span>\t\t\t\t<\/div>\n\t\t\t\t<\/div>\n\t\t\t\t<div class=\"elementor-element elementor-element-5d8afad elementor-absolute elementor-invisible elementor-widget elementor-widget-heading\" data-id=\"5d8afad\" data-element_type=\"widget\" data-settings=\"{&quot;_animation&quot;:&quot;slideInUp&quot;,&quot;_animation_delay&quot;:800,&quot;_position&quot;:&quot;absolute&quot;}\" data-widget_type=\"heading.default\">\n\t\t\t\t<div class=\"elementor-widget-container\">\n\t\t\t\t\t<span class=\"elementor-heading-title elementor-size-default\">R<\/span>\t\t\t\t<\/div>\n\t\t\t\t<\/div>\n\t\t\t\t<\/div>\n\t\t<div class=\"elementor-element elementor-element-8c725c6 e-con-full e-flex e-con e-child\" data-id=\"8c725c6\" data-element_type=\"container\" data-settings=\"{&quot;background_background&quot;:&quot;classic&quot;}\">\n\t\t\t\t<div class=\"elementor-element elementor-element-691a4b1 elementor-invisible elementor-widget elementor-widget-heading\" data-id=\"691a4b1\" data-element_type=\"widget\" data-settings=\"{&quot;_animation&quot;:&quot;slideInUp&quot;,&quot;_animation_delay&quot;:300}\" data-widget_type=\"heading.default\">\n\t\t\t\t<div class=\"elementor-widget-container\">\n\t\t\t\t\t<span class=\"elementor-heading-title elementor-size-default\">C<\/span>\t\t\t\t<\/div>\n\t\t\t\t<\/div>\n\t\t\t\t<div class=\"elementor-element elementor-element-5c76742 elementor-absolute elementor-invisible elementor-widget elementor-widget-heading\" data-id=\"5c76742\" data-element_type=\"widget\" data-settings=\"{&quot;_animation&quot;:&quot;slideInUp&quot;,&quot;_animation_delay&quot;:900,&quot;_position&quot;:&quot;absolute&quot;}\" data-widget_type=\"heading.default\">\n\t\t\t\t<div class=\"elementor-widget-container\">\n\t\t\t\t\t<span class=\"elementor-heading-title elementor-size-default\">O<\/span>\t\t\t\t<\/div>\n\t\t\t\t<\/div>\n\t\t\t\t<\/div>\n\t\t<div class=\"elementor-element elementor-element-71f7cd2 e-con-full e-flex e-con e-child\" data-id=\"71f7cd2\" data-element_type=\"container\" data-settings=\"{&quot;background_background&quot;:&quot;classic&quot;}\">\n\t\t\t\t<div class=\"elementor-element elementor-element-92e4cb1 elementor-invisible elementor-widget elementor-widget-heading\" data-id=\"92e4cb1\" data-element_type=\"widget\" data-settings=\"{&quot;_animation&quot;:&quot;slideInUp&quot;,&quot;_animation_delay&quot;:400}\" data-widget_type=\"heading.default\">\n\t\t\t\t<div class=\"elementor-widget-container\">\n\t\t\t\t\t<span class=\"elementor-heading-title elementor-size-default\">I<\/span>\t\t\t\t<\/div>\n\t\t\t\t<\/div>\n\t\t\t\t<div class=\"elementor-element elementor-element-f9ae879 elementor-absolute elementor-invisible elementor-widget elementor-widget-heading\" data-id=\"f9ae879\" data-element_type=\"widget\" data-settings=\"{&quot;_animation&quot;:&quot;slideInUp&quot;,&quot;_animation_delay&quot;:1000,&quot;_position&quot;:&quot;absolute&quot;}\" data-widget_type=\"heading.default\">\n\t\t\t\t<div class=\"elementor-widget-container\">\n\t\t\t\t\t<span class=\"elementor-heading-title elementor-size-default\">U<\/span>\t\t\t\t<\/div>\n\t\t\t\t<\/div>\n\t\t\t\t<\/div>\n\t\t<div class=\"elementor-element elementor-element-45c9e34 e-con-full e-flex e-con e-child\" data-id=\"45c9e34\" data-element_type=\"container\" data-settings=\"{&quot;background_background&quot;:&quot;classic&quot;}\">\n\t\t\t\t<div class=\"elementor-element elementor-element-09c45db elementor-invisible elementor-widget elementor-widget-heading\" data-id=\"09c45db\" data-element_type=\"widget\" data-settings=\"{&quot;_animation&quot;:&quot;slideInUp&quot;,&quot;_animation_delay&quot;:500}\" data-widget_type=\"heading.default\">\n\t\t\t\t<div class=\"elementor-widget-container\">\n\t\t\t\t\t<span class=\"elementor-heading-title elementor-size-default\">A<\/span>\t\t\t\t<\/div>\n\t\t\t\t<\/div>\n\t\t\t\t<div class=\"elementor-element elementor-element-197bab1 elementor-absolute elementor-invisible elementor-widget elementor-widget-heading\" data-id=\"197bab1\" data-element_type=\"widget\" data-settings=\"{&quot;_animation&quot;:&quot;slideInUp&quot;,&quot;_animation_delay&quot;:1100,&quot;_position&quot;:&quot;absolute&quot;}\" data-widget_type=\"heading.default\">\n\t\t\t\t<div class=\"elementor-widget-container\">\n\t\t\t\t\t<span class=\"elementor-heading-title elementor-size-default\">P<\/span>\t\t\t\t<\/div>\n\t\t\t\t<\/div>\n\t\t\t\t<\/div>\n\t\t<div class=\"elementor-element elementor-element-29eca4c e-con-full e-flex e-con e-child\" data-id=\"29eca4c\" data-element_type=\"container\" data-settings=\"{&quot;background_background&quot;:&quot;classic&quot;}\">\n\t\t\t\t<div class=\"elementor-element elementor-element-f53f05a elementor-invisible elementor-widget elementor-widget-heading\" data-id=\"f53f05a\" data-element_type=\"widget\" data-settings=\"{&quot;_animation&quot;:&quot;slideInUp&quot;,&quot;_animation_delay&quot;:600}\" data-widget_type=\"heading.default\">\n\t\t\t\t<div class=\"elementor-widget-container\">\n\t\t\t\t\t<span class=\"elementor-heading-title elementor-size-default\">L<\/span>\t\t\t\t<\/div>\n\t\t\t\t<\/div>\n\t\t\t\t<\/div>\n\t\t\t\t<\/div>\n\t\t<div class=\"elementor-element elementor-element-98bf407 e-con-full e-flex elementor-invisible e-con e-parent\" data-id=\"98bf407\" data-element_type=\"container\" data-settings=\"{&quot;background_background&quot;:&quot;gradient&quot;,&quot;animation&quot;:&quot;fadeInUp&quot;,&quot;animation_delay&quot;:1200}\">\n\t\t<div class=\"elementor-element elementor-element-444035f e-con-full e-flex e-con e-child\" data-id=\"444035f\" data-element_type=\"container\" data-settings=\"{&quot;background_background&quot;:&quot;classic&quot;}\">\n\t\t\t\t<\/div>\n\t\t<div class=\"elementor-element elementor-element-5127771 e-con-full e-flex e-con e-child\" data-id=\"5127771\" data-element_type=\"container\" data-settings=\"{&quot;background_background&quot;:&quot;classic&quot;}\">\n\t\t\t\t<div class=\"elementor-element elementor-element-03e6ae2 elementor-widget elementor-widget-heading\" data-id=\"03e6ae2\" data-element_type=\"widget\" data-widget_type=\"heading.default\">\n\t\t\t\t<div class=\"elementor-widget-container\">\n\t\t\t\t\t<span class=\"elementor-heading-title elementor-size-default\"><a href=\"https:\/\/wearesocial.group\/fr\/lieux\/\">Lieux<\/a><\/span>\t\t\t\t<\/div>\n\t\t\t\t<\/div>\n\t\t\t\t<\/div>\n\t\t<div class=\"elementor-element elementor-element-00cf3aa e-con-full e-flex e-con e-child\" data-id=\"00cf3aa\" data-element_type=\"container\" data-settings=\"{&quot;background_background&quot;:&quot;classic&quot;}\">\n\t\t\t\t<div class=\"elementor-element elementor-element-d23cd9a elementor-widget elementor-widget-heading\" data-id=\"d23cd9a\" data-element_type=\"widget\" data-widget_type=\"heading.default\">\n\t\t\t\t<div class=\"elementor-widget-container\">\n\t\t\t\t\t<span class=\"elementor-heading-title elementor-size-default\"><a href=\"https:\/\/wearesocial.group\/fr\/evenements\/\">Ev\u00e9nements<\/a><\/span>\t\t\t\t<\/div>\n\t\t\t\t<\/div>\n\t\t\t\t<\/div>\n\t\t<div class=\"elementor-element elementor-element-247d05e e-con-full e-flex e-con e-child\" data-id=\"247d05e\" data-element_type=\"container\" data-settings=\"{&quot;background_background&quot;:&quot;classic&quot;}\">\n\t\t\t\t<div class=\"elementor-element elementor-element-48559d7 elementor-widget elementor-widget-heading\" data-id=\"48559d7\" data-element_type=\"widget\" data-widget_type=\"heading.default\">\n\t\t\t\t<div class=\"elementor-widget-container\">\n\t\t\t\t\t<span class=\"elementor-heading-title elementor-size-default\"><a href=\"https:\/\/wearesocial.group\/fr\/entreprise\/\">Entreprise<\/a><\/span>\t\t\t\t<\/div>\n\t\t\t\t<\/div>\n\t\t\t\t<\/div>\n\t\t<div class=\"elementor-element elementor-element-c0e0cd5 e-con-full e-flex e-con e-child\" data-id=\"c0e0cd5\" data-element_type=\"container\" data-settings=\"{&quot;background_background&quot;:&quot;classic&quot;}\">\n\t\t\t\t<div class=\"elementor-element elementor-element-71e7c7f elementor-widget elementor-widget-heading\" data-id=\"71e7c7f\" data-element_type=\"widget\" data-widget_type=\"heading.default\">\n\t\t\t\t<div class=\"elementor-widget-container\">\n\t\t\t\t\t<span class=\"elementor-heading-title elementor-size-default\"><a href=\"https:\/\/wearesocial.group\/fr\/contact\/\">Contact<\/a><\/span>\t\t\t\t<\/div>\n\t\t\t\t<\/div>\n\t\t\t\t<\/div>\n\t\t<div class=\"elementor-element elementor-element-714ad78 e-con-full e-flex e-con e-child\" data-id=\"714ad78\" data-element_type=\"container\" data-settings=\"{&quot;background_background&quot;:&quot;classic&quot;}\">\n\t\t\t\t<\/div>\n\t\t\t\t<\/div>\n\t\t<div class=\"elementor-element elementor-element-9850d21 e-flex e-con-boxed e-con e-parent\" data-id=\"9850d21\" data-element_type=\"container\">\n\t\t\t\t\t<div class=\"e-con-inner\">\n\t\t\t\t<div class=\"elementor-element elementor-element-ac5c83b elementor-invisible elementor-widget elementor-widget-heading\" data-id=\"ac5c83b\" data-element_type=\"widget\" data-settings=\"{&quot;_animation&quot;:&quot;fadeInUp&quot;}\" data-widget_type=\"heading.default\">\n\t\t\t\t<div class=\"elementor-widget-container\">\n\t\t\t\t\t<h1 class=\"elementor-heading-title elementor-size-default\">Social Group<\/h1>\t\t\t\t<\/div>\n\t\t\t\t<\/div>\n\t\t\t\t<div class=\"elementor-element elementor-element-d74c3ba elementor-invisible elementor-widget elementor-widget-text-editor\" data-id=\"d74c3ba\" data-element_type=\"widget\" data-settings=\"{&quot;_animation&quot;:&quot;fadeInUp&quot;}\" data-widget_type=\"text-editor.default\">\n\t\t\t\t<div class=\"elementor-widget-container\">\n\t\t\t\t\t\t\t\t\t<p>Social Group est un groupe d&rsquo;hospitalit\u00e9 de premier plan bas\u00e9 \u00e0 Majorque, en Espagne, reconnu pour cr\u00e9er des exp\u00e9riences inoubliables \u00e0 travers la gastronomie, le divertissement et la culture.<br>De la vie nocturne anim\u00e9e \u00e0 la restauration raffin\u00e9e, nous sommes l&rsquo;\u00e9quipe derri\u00e8re certaines des destinations les plus pris\u00e9es de l&rsquo;\u00eele \u2014 notamment <a href=\"https:\/\/wearesocial.group\/fr\/lieux\/social-club\/\">Social Club Mallorca<\/a>, Bloom at Social, Vinyl Lounge, <a href=\"https:\/\/wearesocial.group\/fr\/lieux\/restaurant-thalia\/\">Thalia Restaurant<\/a>, et le spectacle immersif <a href=\"https:\/\/wearesocial.group\/fr\/lieux\/ritual-flamenco\/\">Ritual Flamenco<\/a>.<\/p><p>Nos lieux sont plus que des endroits \u2014 ce sont des histoires racont\u00e9es \u00e0 travers la musique, la cuisine, l&rsquo;atmosph\u00e8re et un service exceptionnel. Que vous nous rejoigniez pour un d\u00eener \u00e9l\u00e9gant, une soir\u00e9e haute en \u00e9nergie, ou une performance culturelle unique, nous croyons qu&rsquo;il faut rendre chaque moment extraordinaire.<\/p><p>Chez Social Group, nous sommes passionn\u00e9s par une hospitalit\u00e9 qui inspire, divertit et connecte. Bienvenue dans notre univers. <\/p>\t\t\t\t\t\t\t\t<\/div>\n\t\t\t\t<\/div>\n\t\t\t\t<div class=\"elementor-element elementor-element-c092b5e elementor-absolute elementor-widget elementor-widget-image\" data-id=\"c092b5e\" data-element_type=\"widget\" data-settings=\"{&quot;_position&quot;:&quot;absolute&quot;}\" data-widget_type=\"image.default\">\n\t\t\t\t<div class=\"elementor-widget-container\">\n\t\t\t\t\t\t\t\t\t\t\t\t\t\t\t<img fetchpriority=\"high\" decoding=\"async\" width=\"575\" height=\"1024\" src=\"https:\/\/wearesocial.group\/wp-content\/uploads\/2025\/07\/social-g-white-575x1024.png\" class=\"attachment-large size-large wp-image-690\" alt=\"\" srcset=\"https:\/\/wearesocial.group\/wp-content\/uploads\/2025\/07\/social-g-white-575x1024.png 575w, https:\/\/wearesocial.group\/wp-content\/uploads\/2025\/07\/social-g-white-168x300.png 168w, https:\/\/wearesocial.group\/wp-content\/uploads\/2025\/07\/social-g-white-768x1369.png 768w, https:\/\/wearesocial.group\/wp-content\/uploads\/2025\/07\/social-g-white-862x1536.png 862w, https:\/\/wearesocial.group\/wp-content\/uploads\/2025\/07\/social-g-white.png 891w\" sizes=\"(max-width: 575px) 100vw, 575px\" \/>\t\t\t\t\t\t\t\t\t\t\t\t\t\t\t<\/div>\n\t\t\t\t<\/div>\n\t\t\t\t\t<\/div>\n\t\t\t\t<\/div>\n\t\t\t\t<\/div>\n\t\t","protected":false},"excerpt":{"rendered":"<p>S G O R C O I U A P L Lieux Ev\u00e9nements Entreprise Contact Social Group Social Group est un groupe d&rsquo;hospitalit\u00e9 de premier plan bas\u00e9 \u00e0 Majorque, en Espagne, reconnu pour cr\u00e9er des exp\u00e9riences inoubliables \u00e0 travers la gastronomie, le divertissement et la culture.De la vie nocturne anim\u00e9e \u00e0 la restauration raffin\u00e9e, nous [&hellip;]<\/p>\n","protected":false},"author":1,"featured_media":710,"parent":0,"menu_order":0,"comment_status":"closed","ping_status":"closed","template":"","meta":{"footnotes":""},"class_list":["post-1003","page","type-page","status-publish","has-post-thumbnail","hentry"],"blocksy_meta":[],"yoast_head":"<!-- This site is optimized with the Yoast SEO plugin v25.7 - https:\/\/yoast.com\/wordpress\/plugins\/seo\/ -->\n<title>Social Group | Hospitalit\u00e9, vie nocturne et divertissement<\/title>\n<meta name=\"description\" content=\"Social Group est un groupe d&#039;hospitalit\u00e9 de premier plan bas\u00e9 \u00e0 Majorque, en Espagne, reconnu pour cr\u00e9er des exp\u00e9riences inoubliables.\" \/>\n<meta name=\"robots\" content=\"index, follow, max-snippet:-1, max-image-preview:large, max-video-preview:-1\" \/>\n<link rel=\"canonical\" href=\"https:\/\/wearesocial.group\/fr\/\" \/>\n<meta property=\"og:locale\" content=\"fr_FR\" \/>\n<meta property=\"og:type\" content=\"article\" \/>\n<meta property=\"og:title\" content=\"Social Group | Hospitalit\u00e9, vie nocturne et divertissement\" \/>\n<meta property=\"og:description\" content=\"Social Group est un groupe d&#039;hospitalit\u00e9 de premier plan bas\u00e9 \u00e0 Majorque, en Espagne, reconnu pour cr\u00e9er des exp\u00e9riences inoubliables.\" \/>\n<meta property=\"og:url\" content=\"https:\/\/wearesocial.group\/fr\/\" \/>\n<meta property=\"og:site_name\" content=\"Social Group\" \/>\n<meta property=\"article:modified_time\" content=\"2025-11-07T12:01:49+00:00\" \/>\n<meta property=\"og:image\" content=\"http:\/\/wearesocial.group\/wp-content\/uploads\/2025\/07\/WhatsApp-Image-2025-07-10-at-17.00.04.jpeg\" \/>\n\t<meta property=\"og:image:width\" content=\"1600\" \/>\n\t<meta property=\"og:image:height\" content=\"1068\" \/>\n\t<meta property=\"og:image:type\" content=\"image\/jpeg\" \/>\n<meta name=\"twitter:card\" content=\"summary_large_image\" \/>\n<meta name=\"twitter:label1\" content=\"Dur\u00e9e de lecture estim\u00e9e\" \/>\n\t<meta name=\"twitter:data1\" content=\"1 minute\" \/>\n<script type=\"application\/ld+json\" class=\"yoast-schema-graph\">{\"@context\":\"https:\/\/schema.org\",\"@graph\":[{\"@type\":\"WebPage\",\"@id\":\"https:\/\/wearesocial.group\/fr\/\",\"url\":\"https:\/\/wearesocial.group\/fr\/\",\"name\":\"Social Group | Hospitalit\u00e9, vie nocturne et divertissement\",\"isPartOf\":{\"@id\":\"https:\/\/wearesocial.group\/fr\/#website\"},\"primaryImageOfPage\":{\"@id\":\"https:\/\/wearesocial.group\/fr\/#primaryimage\"},\"image\":{\"@id\":\"https:\/\/wearesocial.group\/fr\/#primaryimage\"},\"thumbnailUrl\":\"https:\/\/wearesocial.group\/wp-content\/uploads\/2025\/07\/WhatsApp-Image-2025-07-10-at-17.00.04.jpeg\",\"datePublished\":\"2025-06-30T11:00:21+00:00\",\"dateModified\":\"2025-11-07T12:01:49+00:00\",\"description\":\"Social Group est un groupe d'hospitalit\u00e9 de premier plan bas\u00e9 \u00e0 Majorque, en Espagne, reconnu pour cr\u00e9er des exp\u00e9riences inoubliables.\",\"breadcrumb\":{\"@id\":\"https:\/\/wearesocial.group\/fr\/#breadcrumb\"},\"inLanguage\":\"fr-FR\",\"potentialAction\":[{\"@type\":\"ReadAction\",\"target\":[\"https:\/\/wearesocial.group\/fr\/\"]}]},{\"@type\":\"ImageObject\",\"inLanguage\":\"fr-FR\",\"@id\":\"https:\/\/wearesocial.group\/fr\/#primaryimage\",\"url\":\"https:\/\/wearesocial.group\/wp-content\/uploads\/2025\/07\/WhatsApp-Image-2025-07-10-at-17.00.04.jpeg\",\"contentUrl\":\"https:\/\/wearesocial.group\/wp-content\/uploads\/2025\/07\/WhatsApp-Image-2025-07-10-at-17.00.04.jpeg\",\"width\":1600,\"height\":1068,\"caption\":\"Social Club Mallorca\"},{\"@type\":\"BreadcrumbList\",\"@id\":\"https:\/\/wearesocial.group\/fr\/#breadcrumb\",\"itemListElement\":[{\"@type\":\"ListItem\",\"position\":1,\"name\":\"Home\",\"item\":\"https:\/\/wearesocial.group\/fr\/accueil\/\"},{\"@type\":\"ListItem\",\"position\":2,\"name\":\"Accueil\"}]},{\"@type\":\"WebSite\",\"@id\":\"https:\/\/wearesocial.group\/fr\/#website\",\"url\":\"https:\/\/wearesocial.group\/fr\/\",\"name\":\"Social Group\",\"description\":\"Hospitality, Nightlife &amp; Entertainment\",\"publisher\":{\"@id\":\"https:\/\/wearesocial.group\/fr\/#organization\"},\"potentialAction\":[{\"@type\":\"SearchAction\",\"target\":{\"@type\":\"EntryPoint\",\"urlTemplate\":\"https:\/\/wearesocial.group\/fr\/?s={search_term_string}\"},\"query-input\":{\"@type\":\"PropertyValueSpecification\",\"valueRequired\":true,\"valueName\":\"search_term_string\"}}],\"inLanguage\":\"fr-FR\"},{\"@type\":\"Organization\",\"@id\":\"https:\/\/wearesocial.group\/fr\/#organization\",\"name\":\"Social Group\",\"url\":\"https:\/\/wearesocial.group\/fr\/\",\"logo\":{\"@type\":\"ImageObject\",\"inLanguage\":\"fr-FR\",\"@id\":\"https:\/\/wearesocial.group\/fr\/#\/schema\/logo\/image\/\",\"url\":\"http:\/\/wearesocial.group\/wp-content\/uploads\/2025\/07\/cropped-social-dark.png\",\"contentUrl\":\"http:\/\/wearesocial.group\/wp-content\/uploads\/2025\/07\/cropped-social-dark.png\",\"width\":512,\"height\":512,\"caption\":\"Social Group\"},\"image\":{\"@id\":\"https:\/\/wearesocial.group\/fr\/#\/schema\/logo\/image\/\"}}]}<\/script>\n<!-- \/ Yoast SEO plugin. -->","yoast_head_json":{"title":"Social Group | Hospitalit\u00e9, vie nocturne et divertissement","description":"Social Group est un groupe d'hospitalit\u00e9 de premier plan bas\u00e9 \u00e0 Majorque, en Espagne, reconnu pour cr\u00e9er des exp\u00e9riences inoubliables.","robots":{"index":"index","follow":"follow","max-snippet":"max-snippet:-1","max-image-preview":"max-image-preview:large","max-video-preview":"max-video-preview:-1"},"canonical":"https:\/\/wearesocial.group\/fr\/","og_locale":"fr_FR","og_type":"article","og_title":"Social Group | Hospitalit\u00e9, vie nocturne et divertissement","og_description":"Social Group est un groupe d'hospitalit\u00e9 de premier plan bas\u00e9 \u00e0 Majorque, en Espagne, reconnu pour cr\u00e9er des exp\u00e9riences inoubliables.","og_url":"https:\/\/wearesocial.group\/fr\/","og_site_name":"Social Group","article_modified_time":"2025-11-07T12:01:49+00:00","og_image":[{"width":1600,"height":1068,"url":"http:\/\/wearesocial.group\/wp-content\/uploads\/2025\/07\/WhatsApp-Image-2025-07-10-at-17.00.04.jpeg","type":"image\/jpeg"}],"twitter_card":"summary_large_image","twitter_misc":{"Dur\u00e9e de lecture estim\u00e9e":"1 minute"},"schema":{"@context":"https:\/\/schema.org","@graph":[{"@type":"WebPage","@id":"https:\/\/wearesocial.group\/fr\/","url":"https:\/\/wearesocial.group\/fr\/","name":"Social Group | Hospitalit\u00e9, vie nocturne et divertissement","isPartOf":{"@id":"https:\/\/wearesocial.group\/fr\/#website"},"primaryImageOfPage":{"@id":"https:\/\/wearesocial.group\/fr\/#primaryimage"},"image":{"@id":"https:\/\/wearesocial.group\/fr\/#primaryimage"},"thumbnailUrl":"https:\/\/wearesocial.group\/wp-content\/uploads\/2025\/07\/WhatsApp-Image-2025-07-10-at-17.00.04.jpeg","datePublished":"2025-06-30T11:00:21+00:00","dateModified":"2025-11-07T12:01:49+00:00","description":"Social Group est un groupe d'hospitalit\u00e9 de premier plan bas\u00e9 \u00e0 Majorque, en Espagne, reconnu pour cr\u00e9er des exp\u00e9riences inoubliables.","breadcrumb":{"@id":"https:\/\/wearesocial.group\/fr\/#breadcrumb"},"inLanguage":"fr-FR","potentialAction":[{"@type":"ReadAction","target":["https:\/\/wearesocial.group\/fr\/"]}]},{"@type":"ImageObject","inLanguage":"fr-FR","@id":"https:\/\/wearesocial.group\/fr\/#primaryimage","url":"https:\/\/wearesocial.group\/wp-content\/uploads\/2025\/07\/WhatsApp-Image-2025-07-10-at-17.00.04.jpeg","contentUrl":"https:\/\/wearesocial.group\/wp-content\/uploads\/2025\/07\/WhatsApp-Image-2025-07-10-at-17.00.04.jpeg","width":1600,"height":1068,"caption":"Social Club Mallorca"},{"@type":"BreadcrumbList","@id":"https:\/\/wearesocial.group\/fr\/#breadcrumb","itemListElement":[{"@type":"ListItem","position":1,"name":"Home","item":"https:\/\/wearesocial.group\/fr\/accueil\/"},{"@type":"ListItem","position":2,"name":"Accueil"}]},{"@type":"WebSite","@id":"https:\/\/wearesocial.group\/fr\/#website","url":"https:\/\/wearesocial.group\/fr\/","name":"Social Group","description":"Hospitality, Nightlife &amp; Entertainment","publisher":{"@id":"https:\/\/wearesocial.group\/fr\/#organization"},"potentialAction":[{"@type":"SearchAction","target":{"@type":"EntryPoint","urlTemplate":"https:\/\/wearesocial.group\/fr\/?s={search_term_string}"},"query-input":{"@type":"PropertyValueSpecification","valueRequired":true,"valueName":"search_term_string"}}],"inLanguage":"fr-FR"},{"@type":"Organization","@id":"https:\/\/wearesocial.group\/fr\/#organization","name":"Social Group","url":"https:\/\/wearesocial.group\/fr\/","logo":{"@type":"ImageObject","inLanguage":"fr-FR","@id":"https:\/\/wearesocial.group\/fr\/#\/schema\/logo\/image\/","url":"http:\/\/wearesocial.group\/wp-content\/uploads\/2025\/07\/cropped-social-dark.png","contentUrl":"http:\/\/wearesocial.group\/wp-content\/uploads\/2025\/07\/cropped-social-dark.png","width":512,"height":512,"caption":"Social Group"},"image":{"@id":"https:\/\/wearesocial.group\/fr\/#\/schema\/logo\/image\/"}}]}},"_links":{"self":[{"href":"https:\/\/wearesocial.group\/fr\/wp-json\/wp\/v2\/pages\/1003","targetHints":{"allow":["GET"]}}],"collection":[{"href":"https:\/\/wearesocial.group\/fr\/wp-json\/wp\/v2\/pages"}],"about":[{"href":"https:\/\/wearesocial.group\/fr\/wp-json\/wp\/v2\/types\/page"}],"author":[{"embeddable":true,"href":"https:\/\/wearesocial.group\/fr\/wp-json\/wp\/v2\/users\/1"}],"replies":[{"embeddable":true,"href":"https:\/\/wearesocial.group\/fr\/wp-json\/wp\/v2\/comments?post=1003"}],"version-history":[{"count":11,"href":"https:\/\/wearesocial.group\/fr\/wp-json\/wp\/v2\/pages\/1003\/revisions"}],"predecessor-version":[{"id":1683,"href":"https:\/\/wearesocial.group\/fr\/wp-json\/wp\/v2\/pages\/1003\/revisions\/1683"}],"wp:featuredmedia":[{"embeddable":true,"href":"https:\/\/wearesocial.group\/fr\/wp-json\/wp\/v2\/media\/710"}],"wp:attachment":[{"href":"https:\/\/wearesocial.group\/fr\/wp-json\/wp\/v2\/media?parent=1003"}],"curies":[{"name":"wp","href":"https:\/\/api.w.org\/{rel}","templated":true}]}}