{"id":968,"date":"2025-07-06T09:06:39","date_gmt":"2025-07-06T09:06:39","guid":{"rendered":"https:\/\/wearesocial.group\/lieux\/"},"modified":"2025-11-13T11:20:59","modified_gmt":"2025-11-13T11:20:59","slug":"lieux","status":"publish","type":"page","link":"https:\/\/wearesocial.group\/fr\/lieux\/","title":{"rendered":"Lieux"},"content":{"rendered":"\t\t<div data-elementor-type=\"wp-page\" data-elementor-id=\"968\" class=\"elementor elementor-968 elementor-100\" data-elementor-post-type=\"page\">\n\t\t\t\t<div class=\"elementor-element elementor-element-aaaac3c e-con-full e-flex e-con e-parent\" data-id=\"aaaac3c\" data-element_type=\"container\">\n\t\t<a class=\"elementor-element elementor-element-f6f0947 e-con-full e-flex e-con e-child\" data-id=\"f6f0947\" data-element_type=\"container\" data-settings=\"{&quot;background_background&quot;:&quot;classic&quot;}\" href=\"https:\/\/wearesocial.group\/fr\/lieux\/social-club\/\">\n\t\t\t\t<div class=\"elementor-element elementor-element-7e606ce elementor-widget elementor-widget-image\" data-id=\"7e606ce\" data-element_type=\"widget\" data-widget_type=\"image.default\">\n\t\t\t\t<div class=\"elementor-widget-container\">\n\t\t\t\t\t\t\t\t\t\t\t\t\t\t\t<img fetchpriority=\"high\" decoding=\"async\" width=\"1024\" height=\"756\" src=\"https:\/\/wearesocial.group\/wp-content\/uploads\/2025\/09\/sociial_mallorca_--1024x756.png\" class=\"attachment-large size-large wp-image-1573\" alt=\"Social Club Mallorca\" srcset=\"https:\/\/wearesocial.group\/wp-content\/uploads\/2025\/09\/sociial_mallorca_--1024x756.png 1024w, https:\/\/wearesocial.group\/wp-content\/uploads\/2025\/09\/sociial_mallorca_--300x222.png 300w, https:\/\/wearesocial.group\/wp-content\/uploads\/2025\/09\/sociial_mallorca_--768x567.png 768w, https:\/\/wearesocial.group\/wp-content\/uploads\/2025\/09\/sociial_mallorca_-.png 1175w\" sizes=\"(max-width: 1024px) 100vw, 1024px\" \/>\t\t\t\t\t\t\t\t\t\t\t\t\t\t\t<\/div>\n\t\t\t\t<\/div>\n\t\t\t\t<\/a>\n\t\t<a class=\"elementor-element elementor-element-0eca5f8 e-con-full e-flex e-con e-child\" data-id=\"0eca5f8\" data-element_type=\"container\" data-settings=\"{&quot;background_background&quot;:&quot;classic&quot;}\" href=\"https:\/\/wearesocial.group\/fr\/lieux\/restaurant-thalia\/\">\n\t\t\t\t<div class=\"elementor-element elementor-element-54313a6 elementor-widget elementor-widget-image\" data-id=\"54313a6\" data-element_type=\"widget\" data-widget_type=\"image.default\">\n\t\t\t\t<div class=\"elementor-widget-container\">\n\t\t\t\t\t\t\t\t\t\t\t\t\t\t\t<img decoding=\"async\" width=\"425\" height=\"180\" src=\"https:\/\/wearesocial.group\/wp-content\/uploads\/2025\/07\/Thalia_g2w.png\" class=\"attachment-large size-large wp-image-742\" alt=\"\" srcset=\"https:\/\/wearesocial.group\/wp-content\/uploads\/2025\/07\/Thalia_g2w.png 425w, https:\/\/wearesocial.group\/wp-content\/uploads\/2025\/07\/Thalia_g2w-300x127.png 300w\" sizes=\"(max-width: 425px) 100vw, 425px\" \/>\t\t\t\t\t\t\t\t\t\t\t\t\t\t\t<\/div>\n\t\t\t\t<\/div>\n\t\t\t\t<\/a>\n\t\t<a class=\"elementor-element elementor-element-8b107f6 e-con-full e-flex e-con e-child\" data-id=\"8b107f6\" data-element_type=\"container\" data-settings=\"{&quot;background_background&quot;:&quot;classic&quot;}\" href=\"https:\/\/wearesocial.group\/fr\/lieux\/ritual-flamenco\/\">\n\t\t\t\t<div class=\"elementor-element elementor-element-6565570 elementor-widget elementor-widget-image\" data-id=\"6565570\" data-element_type=\"widget\" data-widget_type=\"image.default\">\n\t\t\t\t<div class=\"elementor-widget-container\">\n\t\t\t\t\t\t\t\t\t\t\t\t\t\t\t<img decoding=\"async\" width=\"505\" height=\"207\" src=\"https:\/\/wearesocial.group\/wp-content\/uploads\/2025\/07\/Asset-6.png\" class=\"attachment-large size-large wp-image-782\" alt=\"\" srcset=\"https:\/\/wearesocial.group\/wp-content\/uploads\/2025\/07\/Asset-6.png 505w, https:\/\/wearesocial.group\/wp-content\/uploads\/2025\/07\/Asset-6-300x123.png 300w\" sizes=\"(max-width: 505px) 100vw, 505px\" \/>\t\t\t\t\t\t\t\t\t\t\t\t\t\t\t<\/div>\n\t\t\t\t<\/div>\n\t\t\t\t<\/a>\n\t\t<a class=\"elementor-element elementor-element-3f6b985 e-con-full e-flex e-con e-child\" data-id=\"3f6b985\" data-element_type=\"container\" data-settings=\"{&quot;background_background&quot;:&quot;classic&quot;}\" href=\"https:\/\/wearesocial.group\/fr\/lieux\/vinyl-lounge\/\">\n\t\t\t\t<div class=\"elementor-element elementor-element-935c28e elementor-widget elementor-widget-image\" data-id=\"935c28e\" data-element_type=\"widget\" data-widget_type=\"image.default\">\n\t\t\t\t<div class=\"elementor-widget-container\">\n\t\t\t\t\t\t\t\t\t\t\t\t\t\t\t<img loading=\"lazy\" decoding=\"async\" width=\"1024\" height=\"663\" src=\"https:\/\/wearesocial.group\/wp-content\/uploads\/2025\/08\/white-vinyl-1024x663.png\" class=\"attachment-large size-large wp-image-1186\" alt=\"Vinyl lounge logo\" srcset=\"https:\/\/wearesocial.group\/wp-content\/uploads\/2025\/08\/white-vinyl-1024x663.png 1024w, https:\/\/wearesocial.group\/wp-content\/uploads\/2025\/08\/white-vinyl-300x194.png 300w, https:\/\/wearesocial.group\/wp-content\/uploads\/2025\/08\/white-vinyl-768x497.png 768w, https:\/\/wearesocial.group\/wp-content\/uploads\/2025\/08\/white-vinyl-1536x995.png 1536w, https:\/\/wearesocial.group\/wp-content\/uploads\/2025\/08\/white-vinyl-2048x1326.png 2048w\" sizes=\"(max-width: 1024px) 100vw, 1024px\" \/>\t\t\t\t\t\t\t\t\t\t\t\t\t\t\t<\/div>\n\t\t\t\t<\/div>\n\t\t\t\t<\/a>\n\t\t\t\t<\/div>\n\t\t\t\t<\/div>\n\t\t","protected":false},"excerpt":{"rendered":"","protected":false},"author":1,"featured_media":778,"parent":0,"menu_order":0,"comment_status":"closed","ping_status":"closed","template":"","meta":{"footnotes":""},"class_list":["post-968","page","type-page","status-publish","has-post-thumbnail","hentry"],"blocksy_meta":[],"yoast_head":"<!-- This site is optimized with the Yoast SEO plugin v25.7 - https:\/\/yoast.com\/wordpress\/plugins\/seo\/ -->\n<title>Lieux | Social Group<\/title>\n<meta name=\"description\" content=\"Nos lieux sont plus que des endroits \u2014 ce sont des histoires racont\u00e9es \u00e0 travers la musique, la cuisine, l&#039;atmosph\u00e8re et un service exceptionnel.\" \/>\n<meta name=\"robots\" content=\"index, follow, max-snippet:-1, max-image-preview:large, max-video-preview:-1\" \/>\n<link rel=\"canonical\" href=\"https:\/\/wearesocial.group\/fr\/lieux\/\" \/>\n<meta property=\"og:locale\" content=\"fr_FR\" \/>\n<meta property=\"og:type\" content=\"article\" \/>\n<meta property=\"og:title\" content=\"Lieux | Social Group\" \/>\n<meta property=\"og:description\" content=\"Nos lieux sont plus que des endroits \u2014 ce sont des histoires racont\u00e9es \u00e0 travers la musique, la cuisine, l&#039;atmosph\u00e8re et un service exceptionnel.\" \/>\n<meta property=\"og:url\" content=\"https:\/\/wearesocial.group\/fr\/lieux\/\" \/>\n<meta property=\"og:site_name\" content=\"Social Group\" \/>\n<meta property=\"article:modified_time\" content=\"2025-11-13T11:20:59+00:00\" \/>\n<meta property=\"og:image\" content=\"https:\/\/wearesocial.group\/wp-content\/uploads\/2025\/07\/Thalia.feb25-03.jpg\" \/>\n\t<meta property=\"og:image:width\" content=\"2048\" \/>\n\t<meta property=\"og:image:height\" content=\"1365\" \/>\n\t<meta property=\"og:image:type\" content=\"image\/jpeg\" \/>\n<meta name=\"twitter:card\" content=\"summary_large_image\" \/>\n<script type=\"application\/ld+json\" class=\"yoast-schema-graph\">{\"@context\":\"https:\/\/schema.org\",\"@graph\":[{\"@type\":\"WebPage\",\"@id\":\"https:\/\/wearesocial.group\/fr\/lieux\/\",\"url\":\"https:\/\/wearesocial.group\/fr\/lieux\/\",\"name\":\"Lieux | Social Group\",\"isPartOf\":{\"@id\":\"https:\/\/wearesocial.group\/fr\/#website\"},\"primaryImageOfPage\":{\"@id\":\"https:\/\/wearesocial.group\/fr\/lieux\/#primaryimage\"},\"image\":{\"@id\":\"https:\/\/wearesocial.group\/fr\/lieux\/#primaryimage\"},\"thumbnailUrl\":\"https:\/\/wearesocial.group\/wp-content\/uploads\/2025\/07\/Thalia.feb25-03.jpg\",\"datePublished\":\"2025-07-06T09:06:39+00:00\",\"dateModified\":\"2025-11-13T11:20:59+00:00\",\"description\":\"Nos lieux sont plus que des endroits \u2014 ce sont des histoires racont\u00e9es \u00e0 travers la musique, la cuisine, l'atmosph\u00e8re et un service exceptionnel.\",\"breadcrumb\":{\"@id\":\"https:\/\/wearesocial.group\/fr\/lieux\/#breadcrumb\"},\"inLanguage\":\"fr-FR\",\"potentialAction\":[{\"@type\":\"ReadAction\",\"target\":[\"https:\/\/wearesocial.group\/fr\/lieux\/\"]}]},{\"@type\":\"ImageObject\",\"inLanguage\":\"fr-FR\",\"@id\":\"https:\/\/wearesocial.group\/fr\/lieux\/#primaryimage\",\"url\":\"https:\/\/wearesocial.group\/wp-content\/uploads\/2025\/07\/Thalia.feb25-03.jpg\",\"contentUrl\":\"https:\/\/wearesocial.group\/wp-content\/uploads\/2025\/07\/Thalia.feb25-03.jpg\",\"width\":2048,\"height\":1365,\"caption\":\"Thalia Mallorca by Social Group\"},{\"@type\":\"BreadcrumbList\",\"@id\":\"https:\/\/wearesocial.group\/fr\/lieux\/#breadcrumb\",\"itemListElement\":[{\"@type\":\"ListItem\",\"position\":1,\"name\":\"Home\",\"item\":\"https:\/\/wearesocial.group\/fr\/accueil\/\"},{\"@type\":\"ListItem\",\"position\":2,\"name\":\"Lieux\"}]},{\"@type\":\"WebSite\",\"@id\":\"https:\/\/wearesocial.group\/fr\/#website\",\"url\":\"https:\/\/wearesocial.group\/fr\/\",\"name\":\"Social Group\",\"description\":\"Hospitality, Nightlife &amp; Entertainment\",\"publisher\":{\"@id\":\"https:\/\/wearesocial.group\/fr\/#organization\"},\"potentialAction\":[{\"@type\":\"SearchAction\",\"target\":{\"@type\":\"EntryPoint\",\"urlTemplate\":\"https:\/\/wearesocial.group\/fr\/?s={search_term_string}\"},\"query-input\":{\"@type\":\"PropertyValueSpecification\",\"valueRequired\":true,\"valueName\":\"search_term_string\"}}],\"inLanguage\":\"fr-FR\"},{\"@type\":\"Organization\",\"@id\":\"https:\/\/wearesocial.group\/fr\/#organization\",\"name\":\"Social Group\",\"url\":\"https:\/\/wearesocial.group\/fr\/\",\"logo\":{\"@type\":\"ImageObject\",\"inLanguage\":\"fr-FR\",\"@id\":\"https:\/\/wearesocial.group\/fr\/#\/schema\/logo\/image\/\",\"url\":\"http:\/\/wearesocial.group\/wp-content\/uploads\/2025\/07\/cropped-social-dark.png\",\"contentUrl\":\"http:\/\/wearesocial.group\/wp-content\/uploads\/2025\/07\/cropped-social-dark.png\",\"width\":512,\"height\":512,\"caption\":\"Social Group\"},\"image\":{\"@id\":\"https:\/\/wearesocial.group\/fr\/#\/schema\/logo\/image\/\"}}]}<\/script>\n<!-- \/ Yoast SEO plugin. -->","yoast_head_json":{"title":"Lieux | Social Group","description":"Nos lieux sont plus que des endroits \u2014 ce sont des histoires racont\u00e9es \u00e0 travers la musique, la cuisine, l'atmosph\u00e8re et un service exceptionnel.","robots":{"index":"index","follow":"follow","max-snippet":"max-snippet:-1","max-image-preview":"max-image-preview:large","max-video-preview":"max-video-preview:-1"},"canonical":"https:\/\/wearesocial.group\/fr\/lieux\/","og_locale":"fr_FR","og_type":"article","og_title":"Lieux | Social Group","og_description":"Nos lieux sont plus que des endroits \u2014 ce sont des histoires racont\u00e9es \u00e0 travers la musique, la cuisine, l'atmosph\u00e8re et un service exceptionnel.","og_url":"https:\/\/wearesocial.group\/fr\/lieux\/","og_site_name":"Social Group","article_modified_time":"2025-11-13T11:20:59+00:00","og_image":[{"width":2048,"height":1365,"url":"https:\/\/wearesocial.group\/wp-content\/uploads\/2025\/07\/Thalia.feb25-03.jpg","type":"image\/jpeg"}],"twitter_card":"summary_large_image","schema":{"@context":"https:\/\/schema.org","@graph":[{"@type":"WebPage","@id":"https:\/\/wearesocial.group\/fr\/lieux\/","url":"https:\/\/wearesocial.group\/fr\/lieux\/","name":"Lieux | Social Group","isPartOf":{"@id":"https:\/\/wearesocial.group\/fr\/#website"},"primaryImageOfPage":{"@id":"https:\/\/wearesocial.group\/fr\/lieux\/#primaryimage"},"image":{"@id":"https:\/\/wearesocial.group\/fr\/lieux\/#primaryimage"},"thumbnailUrl":"https:\/\/wearesocial.group\/wp-content\/uploads\/2025\/07\/Thalia.feb25-03.jpg","datePublished":"2025-07-06T09:06:39+00:00","dateModified":"2025-11-13T11:20:59+00:00","description":"Nos lieux sont plus que des endroits \u2014 ce sont des histoires racont\u00e9es \u00e0 travers la musique, la cuisine, l'atmosph\u00e8re et un service exceptionnel.","breadcrumb":{"@id":"https:\/\/wearesocial.group\/fr\/lieux\/#breadcrumb"},"inLanguage":"fr-FR","potentialAction":[{"@type":"ReadAction","target":["https:\/\/wearesocial.group\/fr\/lieux\/"]}]},{"@type":"ImageObject","inLanguage":"fr-FR","@id":"https:\/\/wearesocial.group\/fr\/lieux\/#primaryimage","url":"https:\/\/wearesocial.group\/wp-content\/uploads\/2025\/07\/Thalia.feb25-03.jpg","contentUrl":"https:\/\/wearesocial.group\/wp-content\/uploads\/2025\/07\/Thalia.feb25-03.jpg","width":2048,"height":1365,"caption":"Thalia Mallorca by Social Group"},{"@type":"BreadcrumbList","@id":"https:\/\/wearesocial.group\/fr\/lieux\/#breadcrumb","itemListElement":[{"@type":"ListItem","position":1,"name":"Home","item":"https:\/\/wearesocial.group\/fr\/accueil\/"},{"@type":"ListItem","position":2,"name":"Lieux"}]},{"@type":"WebSite","@id":"https:\/\/wearesocial.group\/fr\/#website","url":"https:\/\/wearesocial.group\/fr\/","name":"Social Group","description":"Hospitality, Nightlife &amp; Entertainment","publisher":{"@id":"https:\/\/wearesocial.group\/fr\/#organization"},"potentialAction":[{"@type":"SearchAction","target":{"@type":"EntryPoint","urlTemplate":"https:\/\/wearesocial.group\/fr\/?s={search_term_string}"},"query-input":{"@type":"PropertyValueSpecification","valueRequired":true,"valueName":"search_term_string"}}],"inLanguage":"fr-FR"},{"@type":"Organization","@id":"https:\/\/wearesocial.group\/fr\/#organization","name":"Social Group","url":"https:\/\/wearesocial.group\/fr\/","logo":{"@type":"ImageObject","inLanguage":"fr-FR","@id":"https:\/\/wearesocial.group\/fr\/#\/schema\/logo\/image\/","url":"http:\/\/wearesocial.group\/wp-content\/uploads\/2025\/07\/cropped-social-dark.png","contentUrl":"http:\/\/wearesocial.group\/wp-content\/uploads\/2025\/07\/cropped-social-dark.png","width":512,"height":512,"caption":"Social Group"},"image":{"@id":"https:\/\/wearesocial.group\/fr\/#\/schema\/logo\/image\/"}}]}},"_links":{"self":[{"href":"https:\/\/wearesocial.group\/fr\/wp-json\/wp\/v2\/pages\/968","targetHints":{"allow":["GET"]}}],"collection":[{"href":"https:\/\/wearesocial.group\/fr\/wp-json\/wp\/v2\/pages"}],"about":[{"href":"https:\/\/wearesocial.group\/fr\/wp-json\/wp\/v2\/types\/page"}],"author":[{"embeddable":true,"href":"https:\/\/wearesocial.group\/fr\/wp-json\/wp\/v2\/users\/1"}],"replies":[{"embeddable":true,"href":"https:\/\/wearesocial.group\/fr\/wp-json\/wp\/v2\/comments?post=968"}],"version-history":[{"count":9,"href":"https:\/\/wearesocial.group\/fr\/wp-json\/wp\/v2\/pages\/968\/revisions"}],"predecessor-version":[{"id":1827,"href":"https:\/\/wearesocial.group\/fr\/wp-json\/wp\/v2\/pages\/968\/revisions\/1827"}],"wp:featuredmedia":[{"embeddable":true,"href":"https:\/\/wearesocial.group\/fr\/wp-json\/wp\/v2\/media\/778"}],"wp:attachment":[{"href":"https:\/\/wearesocial.group\/fr\/wp-json\/wp\/v2\/media?parent=968"}],"curies":[{"name":"wp","href":"https:\/\/api.w.org\/{rel}","templated":true}]}}